{"id":11,"date":"2017-02-01T19:37:42","date_gmt":"2017-02-01T22:37:42","guid":{"rendered":"http:\/\/les.edu.uy\/fisica\/?page_id=11"},"modified":"2020-07-27T13:52:10","modified_gmt":"2020-07-27T16:52:10","slug":"inicio","status":"publish","type":"page","link":"http:\/\/les.edu.uy\/fisica\/","title":{"rendered":"Inicio"},"content":{"rendered":"<p>Bienvenido a la p\u00e1gina del Departamento de F\u00edsica del CENUR Litoral Norte, Universidad de la Rep\u00fablica.<\/p>\n<p>En este sitio encontrar\u00e1s enlaces a los cursos dictados, asi como informaci\u00f3n general y enlaces sobre las actividades de investigaci\u00f3n y de extensi\u00f3n universitaria que realizan los docentes del departamento.<\/p>\n<p>Este sitio es mantenido por los propios docentes del departamento, por lo que pedimos nos informen de cualquier problema con el mismo, enviando un correo a <span style=\"color: #3366ff;\">dfl.cenur (a) gmail.com<\/span><\/p>\n<p>Muchas gracias.<\/p>\n<p><img loading=\"lazy\" decoding=\"async\" class=\"alignnone  wp-image-389\" src=\"http:\/\/les.edu.uy\/fisica\/wp-content\/uploads\/2020\/04\/DFL_logo.png\" alt=\"\" width=\"160\" height=\"161\" \/><img loading=\"lazy\" decoding=\"async\" class=\"wp-image-47 alignright\" src=\"http:\/\/les.edu.uy\/fisica\/wp-content\/uploads\/2017\/02\/1logo_cenur_litoralnorte-300x75.jpg\" alt=\"\" width=\"384\" height=\"96\" srcset=\"http:\/\/les.edu.uy\/fisica\/wp-content\/uploads\/2017\/02\/1logo_cenur_litoralnorte-300x75.jpg 300w, http:\/\/les.edu.uy\/fisica\/wp-content\/uploads\/2017\/02\/1logo_cenur_litoralnorte-768x192.jpg 768w, http:\/\/les.edu.uy\/fisica\/wp-content\/uploads\/2017\/02\/1logo_cenur_litoralnorte-1024x256.jpg 1024w\" sizes=\"(max-width: 384px) 100vw, 384px\" \/><\/p>\n","protected":false},"excerpt":{"rendered":"<p>Bienvenido a la p\u00e1gina del Departamento de F\u00edsica del CENUR Litoral Norte, Universidad de la Rep\u00fablica.<\/p>\n<p>En este sitio encontrar\u00e1s enlaces a los cursos dictados, asi como informaci\u00f3n general y enlaces sobre las actividades de investigaci\u00f3n y de extensi\u00f3n universitaria que realizan los docentes del departamento.<\/p>\n<p>Este sitio es mantenido por los propios docentes del departamento, por lo que pedimos nos informen de cualquier problema con el mismo, enviando un correo a <span style=\"color: #3366ff;\">dfl.cenur (a) gmail.com<\/span><\/p>\n<p>Muchas gracias.<\/p>\n<p><img loading=\"lazy\" decoding=\"async\" class=\"alignnone  wp-image-389\" src=\"http:\/\/les.edu.uy\/fisica\/wp-content\/uploads\/2020\/04\/DFL_logo.png\" alt=\"\" width=\"160\" height=\"161\" \/><img loading=\"lazy\" decoding=\"async\" class=\"wp-image-47 alignright\" src=\"http:\/\/les.edu.uy\/fisica\/wp-content\/uploads\/2017\/02\/1logo_cenur_litoralnorte-300x75.jpg\" alt=\"\" width=\"384\" height=\"96\" srcset=\"http:\/\/les.edu.uy\/fisica\/wp-content\/uploads\/2017\/02\/1logo_cenur_litoralnorte-300x75.jpg 300w, http:\/\/les.edu.uy\/fisica\/wp-content\/uploads\/2017\/02\/1logo_cenur_litoralnorte-768x192.jpg 768w, http:\/\/les.edu.uy\/fisica\/wp-content\/uploads\/2017\/02\/1logo_cenur_litoralnorte-1024x256.jpg 1024w\" sizes=\"(max-width: 384px) 100vw, 384px\" \/><\/p>\n","protected":false},"author":2,"featured_media":0,"parent":0,"menu_order":0,"comment_status":"closed","ping_status":"closed","template":"","meta":{"footnotes":""},"_links":{"self":[{"href":"http:\/\/les.edu.uy\/fisica\/wp-json\/wp\/v2\/pages\/11"}],"collection":[{"href":"http:\/\/les.edu.uy\/fisica\/wp-json\/wp\/v2\/pages"}],"about":[{"href":"http:\/\/les.edu.uy\/fisica\/wp-json\/wp\/v2\/types\/page"}],"author":[{"embeddable":true,"href":"http:\/\/les.edu.uy\/fisica\/wp-json\/wp\/v2\/users\/2"}],"replies":[{"embeddable":true,"href":"http:\/\/les.edu.uy\/fisica\/wp-json\/wp\/v2\/comments?post=11"}],"version-history":[{"count":8,"href":"http:\/\/les.edu.uy\/fisica\/wp-json\/wp\/v2\/pages\/11\/revisions"}],"predecessor-version":[{"id":467,"href":"http:\/\/les.edu.uy\/fisica\/wp-json\/wp\/v2\/pages\/11\/revisions\/467"}],"wp:attachment":[{"href":"http:\/\/les.edu.uy\/fisica\/wp-json\/wp\/v2\/media?parent=11"}],"curies":[{"name":"wp","href":"https:\/\/api.w.org\/{rel}","templated":true}]}}