{"id":162,"date":"2020-02-11T14:33:28","date_gmt":"2020-02-11T17:33:28","guid":{"rendered":"http:\/\/les.edu.uy\/fisica\/?page_id=162"},"modified":"2020-04-23T15:20:09","modified_gmt":"2020-04-23T18:20:09","slug":"ensenanza-de-la-fisica","status":"publish","type":"page","link":"http:\/\/les.edu.uy\/fisica\/ensenanza-de-la-fisica\/","title":{"rendered":"Investigaci\u00f3n en Ense\u00f1anza de F\u00edsica"},"content":{"rendered":"\n<div class=\"wp-block-media-text alignwide\"><figure class=\"wp-block-media-text__media\"><img loading=\"lazy\" decoding=\"async\" width=\"432\" height=\"324\" src=\"http:\/\/les.edu.uy\/fisica\/wp-content\/uploads\/2020\/04\/flir_20171002T101449.jpg\" alt=\"Imagen t\u00e9rmica de las instalaciones en donde se encuentra el LIEF\" class=\"wp-image-245\"\/><\/figure><div class=\"wp-block-media-text__content\">\n<p class=\"has-text-color has-large-font-size has-vivid-cyan-blue-color\">Laboratorio <\/p>\n\n\n\n<p class=\"has-text-color has-large-font-size has-vivid-cyan-blue-color\">de <\/p>\n\n\n\n<p class=\"has-text-color has-large-font-size has-vivid-cyan-blue-color\">Investigaci\u00f3n <\/p>\n\n\n\n<p class=\"has-text-color has-large-font-size has-vivid-cyan-blue-color\">en Ense\u00f1anza <\/p>\n\n\n\n<p class=\"has-text-color has-large-font-size has-vivid-cyan-blue-color\">de la F\u00edsica <\/p>\n\n\n\n<p style=\"font-size:42px\" class=\"has-text-color has-background has-text-align-center has-vivid-cyan-blue-color has-cyan-bluish-gray-background-color\">LIEF<\/p>\n<\/div><\/div>\n\n\n\n<h3 class=\"wp-block-heading\"> <strong><em>Mag. Jos\u00e9 Luis Di Laccio<\/em><\/strong> <\/h3>\n\n\n\n<p style=\"font-size:21px\"><a href=\"http:\/\/fisicatic.org\/\"><strong>P\u00e1gina personal Jos\u00e9 Luis Di Laccio<\/strong><\/a><\/p>\n\n\n\n<p style=\"font-size:0\">\"Caminante, son tus huellas el camino y nada m\u00e1s; Caminante, no hay camino, se hace camino al andar. Al andar se hace el camino, y al volver la vista atr\u00e1s se ve la senda que nunca se ha de volver a pisar. Caminante no hay camino sino estelas en la mar. \"<br><strong><em> Antonio Machado<\/em><\/strong> <\/p>\n\n\n\n<h4 class=\"wp-block-heading\">Colaboradores:<\/h4>\n\n\n\n<h5 class=\"wp-block-heading\"> <a href=\"https:\/\/www.fisicarecreativa.com\/\">F\u00edsica re-Creativa (S. Gil)<\/a> <\/h5>\n\n\n\n\n\n\n\n<h3 class=\"has-text-align-center wp-block-heading\">Algunas de nuestras publicaciones<\/h3>\n\n\n\n<figure class=\"wp-block-table\"><table class=\"has-subtle-pale-green-background-color has-background\"><tbody><tr><td class=\"has-text-align-left\" data-align=\"left\"><strong>Materiales<\/strong><\/td><td class=\"has-text-align-left\" data-align=\"left\"><strong>\u00bfDe qu\u00e9 trata?<\/strong><\/td><\/tr><tr><td class=\"has-text-align-left\" data-align=\"left\"><a href=\"http:\/\/les.edu.uy\/fisica\/doc\/F%c3%adsica-Di-Laccio\/Aprendizaje_de_Fisica_TIC.pdf\">Aprendizaje de F\u00edsica en cursos universitarios con TIC<\/a> <\/td><td class=\"has-text-align-left\" data-align=\"left\">Libro de experimentos sencillos y demostrativas con TIC que pueden hacerse en casa.<\/td><\/tr><tr><td class=\"has-text-align-left\" data-align=\"left\"><a href=\"http:\/\/les.edu.uy\/fisica\/doc\/F%c3%adsica-Di-Laccio\/Tesis_Di_Laccio.pdf\"> Metodolog\u00eda para el aprendizaje de F\u00edsica Moderna para Educaci\u00f3n Secundaria con Qu\u00edmica <\/a><\/td><td class=\"has-text-align-left\" data-align=\"left\">Tesis de Maestr\u00eda de Jos\u00e9 Di Laccio<\/td><\/tr><tr><td class=\"has-text-align-left\" data-align=\"left\"> <a href=\"http:\/\/les.edu.uy\/fisica\/doc\/F%c3%adsica-Di-Laccio\/SmartphoneUnaHerramientaDeLaboratorioYAprendizaje.pdf\">Smartphone una herramienta de laboratorio y aprendizaje: laboratorios de bajo costo para el aprendizaje de las ciencias <\/a><\/td><td class=\"has-text-align-left\" data-align=\"left\">Propuesta de experimentos que pueden realizarse con elementos de bajo costo y el tel\u00e9fono inteligente<\/td><\/tr><tr><td class=\"has-text-align-left\" data-align=\"left\"><a href=\"http:\/\/les.edu.uy\/fisica\/doc\/F%c3%adsica-Di-Laccio\/Doppler-Smartphones.pdf\"> Estudio del efecto Doppler utilizando tel\u00e9fonos inteligentes<\/a>  <\/td><td class=\"has-text-align-left\" data-align=\"left\">Idea para estudiar el Efecto Doppler usando el tel\u00e9fono inteligente como emisor y medidor de velocidad angular<\/td><\/tr><tr><td class=\"has-text-align-left\" data-align=\"left\"> <a href=\"https:\/\/www.redalyc.org\/pdf\/920\/92032970014.pdf\">Aulas-laboratorios de bajo costo, usando TIC <\/a><\/td><td class=\"has-text-align-left\" data-align=\"left\">Resultados de la propuesta de AL de bajo costo<\/td><\/tr><tr><td class=\"has-text-align-left\" data-align=\"left\"> <a href=\"http:\/\/les.edu.uy\/fisica\/doc\/F%c3%adsica-Di-Laccio\/DiLaccioTesis2D.pdf\">Aprendizaje de cinem\u00e1tica en el plano incluyendo tel\u00e9fonos inteligentes  <\/a><\/td><td class=\"has-text-align-left\" data-align=\"left\">Movimiento en dos <br>dimensiones: proyectil y  movimiento circular uniforme <\/td><\/tr><tr><td class=\"has-text-align-left\" data-align=\"left\"> <a href=\"http:\/\/les.edu.uy\/fisica\/doc\/F%c3%adsica-Di-Laccio\/frecuenciabarra1.pdf\">Determinaci\u00f3n de la frecuencia natural de vibraci\u00f3n de una barra P1<\/a><\/td><td class=\"has-text-align-left\" data-align=\"left\">Frecuencia de una barra usando la tarjeta de sonido<\/td><\/tr><tr><td class=\"has-text-align-left\" data-align=\"left\"> <a href=\"http:\/\/les.edu.uy\/fisica\/doc\/F%c3%adsica-Di-Laccio\/frecuenciabarra2.pdf\">Determinaci\u00f3n de la frecuencia natural de vibraci\u00f3n de una barra P2<\/a><\/td><td class=\"has-text-align-left\" data-align=\"left\"> Frecuencia de una barra con video<\/td><\/tr><tr><td class=\"has-text-align-left\" data-align=\"left\"><a href=\"http:\/\/les.edu.uy\/fisica\/doc\/F%c3%adsica-Di-Laccio\/DiLaccio_Tesis1D.pdf\"> Aprendizaje de cinem\u00e1tica unidimensional incluyendo tel\u00e9fonos inteligentes <\/a><\/td><td class=\"has-text-align-left\" data-align=\"left\">Vector desplazamiento y Ca\u00edda Libre<\/td><\/tr><tr><td class=\"has-text-align-left\" data-align=\"left\"> <a href=\"http:\/\/les.edu.uy\/fisica\/doc\/F%c3%adsica-Di-Laccio\/NuevoEnfoque.pdf\">Nuevo enfoque de ense\u00f1anza: Curso de F\u00edsica 1 del CENUR LN<\/a> <\/td><td class=\"has-text-align-left\" data-align=\"left\">Transformaci\u00f3n de la ense\u00f1anza<\/td><\/tr><tr><td class=\"has-text-align-left\" data-align=\"left\"><a href=\"http:\/\/les.edu.uy\/fisica\/doc\/F%c3%adsica-Di-Laccio\/F%c3%adsicaBar.pdf\">F\u00edsica en el bar<\/a><br><em>P\u00e1g. 346<\/em> <\/td><td class=\"has-text-align-left\" data-align=\"left\"> Analog\u00eda para estudiar el <br> decaimiento radioactivo  <\/td><\/tr><tr><td class=\"has-text-align-left\" data-align=\"left\"> <a href=\"http:\/\/les.edu.uy\/fisica\/doc\/F%c3%adsica-Di-Laccio\/Edemostrativos-Motivaci%c3%b3n.pdf\">Motivaci\u00f3n: Experimentos demostrativos en F\u00edsica 1 que incluyen el Smartphone como herramienta de medici\u00f3n y aprendizaje <\/a><\/td><td class=\"has-text-align-left\" data-align=\"left\">Valoraci\u00f3n estudiantil del uso de demostrativas con tel\u00e9fonos inteligentes<\/td><\/tr><tr><td class=\"has-text-align-left\" data-align=\"left\"> <a href=\"http:\/\/les.edu.uy\/fisica\/doc\/F%c3%adsica-Di-Laccio\/Exp-Smartp-UCU.pdf\">Experimentos en el aula-laboratorio de F\u00edsica <\/a><\/td><td class=\"has-text-align-left\" data-align=\"left\">P\u00e9ndulo y oscilaciones an\u00e1lisis cualitativo de la valoraci\u00f3n estudiantil<\/td><\/tr><tr><td class=\"has-text-align-left\" data-align=\"left\"> <a href=\"http:\/\/les.edu.uy\/fisica\/doc\/F%c3%adsica-Di-Laccio\/EyP-Fmoderna.pdf\">Acerca del aprendizaje de f\u00edsica moderna en la escuela media: inclusi\u00f3n de tel\u00e9fonos inteligentes<\/a> <\/td><td class=\"has-text-align-left\" data-align=\"left\">Ense\u00f1anza de f\u00edsica moderna<\/td><\/tr><tr><td class=\"has-text-align-left\" data-align=\"left\"> <a href=\"http:\/\/les.edu.uy\/fisica\/doc\/F%c3%adsica-Di-Laccio\/Los_cinco_problemas_en_la_ensenanza_de_FEXP.pdf\">Los cinco problemas en la ense\u00f1anza de la f\u00edsica experimental <\/a><\/td><td class=\"has-text-align-left\" data-align=\"left\">Presenta problemas y desaf\u00edos de la ense\u00f1anza de la f\u00edsica experimental<\/td><\/tr><\/tbody><\/table><\/figure>\n\n\n\n<h3 class=\"has-text-align-center wp-block-heading\"> <strong>Galeria de fotos<\/strong> <\/h3>\n\n\n\n<figure class=\"wp-block-gallery aligncenter columns-3 is-cropped wp-block-gallery-1 is-layout-flex wp-block-gallery-is-layout-flex\"><ul class=\"blocks-gallery-grid\"><li class=\"blocks-gallery-item\"><figure><img loading=\"lazy\" decoding=\"async\" width=\"2606\" height=\"2448\" src=\"http:\/\/les.edu.uy\/fisica\/wp-content\/uploads\/2020\/04\/10.jpg\" alt=\"\" data-id=\"206\" data-link=\"http:\/\/les.edu.uy\/fisica\/ensenanza-de-la-fisica\/hp\/\" class=\"wp-image-206\"\/><\/figure><\/li><li class=\"blocks-gallery-item\"><figure><img loading=\"lazy\" decoding=\"async\" width=\"720\" height=\"960\" src=\"http:\/\/les.edu.uy\/fisica\/wp-content\/uploads\/2020\/04\/flir_20171011T090927.jpg\" alt=\"\" data-id=\"236\" data-link=\"http:\/\/les.edu.uy\/fisica\/ensenanza-de-la-fisica\/flir_20171011t090927\/\" class=\"wp-image-236\"\/><\/figure><\/li><li class=\"blocks-gallery-item\"><figure><img loading=\"lazy\" decoding=\"async\" width=\"1920\" height=\"1080\" src=\"http:\/\/les.edu.uy\/fisica\/wp-content\/uploads\/2020\/04\/20180811_110020.jpg\" alt=\"\" data-id=\"207\" data-link=\"http:\/\/les.edu.uy\/fisica\/ensenanza-de-la-fisica\/20180811_110020\/\" class=\"wp-image-207\"\/><\/figure><\/li><\/ul><\/figure>\n","protected":false},"excerpt":{"rendered":"<p class=\"has-text-color has-large-font-size has-vivid-cyan-blue-color\">Laboratorio <\/p>\n<p class=\"has-text-color has-large-font-size has-vivid-cyan-blue-color\">de <\/p>\n<p class=\"has-text-color has-large-font-size has-vivid-cyan-blue-color\">Investigaci\u00f3n <\/p>\n<p class=\"has-text-color has-large-font-size has-vivid-cyan-blue-color\">en Ense\u00f1anza <\/p>\n<p class=\"has-text-color has-large-font-size has-vivid-cyan-blue-color\">de la F\u00edsica <\/p>\n<p style=\"font-size:42px\" class=\"has-text-color has-background has-text-align-center has-vivid-cyan-blue-color has-cyan-bluish-gray-background-color\">LIEF<\/p>\n<p> Mag. Jos\u00e9 Luis Di Laccio <\/p>\n<p style=\"font-size:21px\">P\u00e1gina personal Jos\u00e9 Luis Di Laccio<\/p>\n<p style=\"font-size:0\">\u00abCaminante, son tus huellas el camino y nada m\u00e1s; Caminante, no hay camino, se hace camino al andar. Al andar se hace el camino, y al volver la vista atr\u00e1s se ve la senda que nunca se ha de volver a pisar. Caminante no hay camino sino estelas<\/p>\n","protected":false},"author":4,"featured_media":0,"parent":0,"menu_order":0,"comment_status":"closed","ping_status":"closed","template":"","meta":{"footnotes":""},"_links":{"self":[{"href":"http:\/\/les.edu.uy\/fisica\/wp-json\/wp\/v2\/pages\/162"}],"collection":[{"href":"http:\/\/les.edu.uy\/fisica\/wp-json\/wp\/v2\/pages"}],"about":[{"href":"http:\/\/les.edu.uy\/fisica\/wp-json\/wp\/v2\/types\/page"}],"author":[{"embeddable":true,"href":"http:\/\/les.edu.uy\/fisica\/wp-json\/wp\/v2\/users\/4"}],"replies":[{"embeddable":true,"href":"http:\/\/les.edu.uy\/fisica\/wp-json\/wp\/v2\/comments?post=162"}],"version-history":[{"count":45,"href":"http:\/\/les.edu.uy\/fisica\/wp-json\/wp\/v2\/pages\/162\/revisions"}],"predecessor-version":[{"id":404,"href":"http:\/\/les.edu.uy\/fisica\/wp-json\/wp\/v2\/pages\/162\/revisions\/404"}],"wp:attachment":[{"href":"http:\/\/les.edu.uy\/fisica\/wp-json\/wp\/v2\/media?parent=162"}],"curies":[{"name":"wp","href":"https:\/\/api.w.org\/{rel}","templated":true}]}}