{"id":500,"date":"2021-03-09T17:22:27","date_gmt":"2021-03-09T20:22:27","guid":{"rendered":"http:\/\/les.edu.uy\/fisica\/?page_id=500"},"modified":"2021-03-09T17:32:59","modified_gmt":"2021-03-09T20:32:59","slug":"clases-y-horarios","status":"publish","type":"page","link":"http:\/\/les.edu.uy\/fisica\/clases-y-horarios\/","title":{"rendered":"Clases y Horarios"},"content":{"rendered":"\n<figure class=\"wp-block-table is-style-stripes\"><table class=\"has-subtle-pale-blue-background-color has-fixed-layout has-background\"><tbody><tr><td>Curso<\/td><td>Responsable<\/td><td>Horario<\/td><td>Modalidad<\/td><td>Link Zoom<\/td><\/tr><tr><td>F\u00edsica Inicial<br>F\u00edsica 1A<\/td><td>Gerardo Vitale<br>gvitalepdf@gmail.com<\/td><td>Lunes 08:00-10:00<br>Mi\u00e9rcoles 16:00-19:00<br>Viernes 15:00-19:00<\/td><td>Virtual<\/td><td><a href=\"https:\/\/us02web.zoom.us\/j\/88589955068\" target=\"_blank\" rel=\"noreferrer noopener\">https:\/\/us02web.zoom.us\/j\/88589955068<\/a><\/td><\/tr><tr><td>F\u00edsica 1<\/td><td>Gerardo Vitale<br>gvitalepdf@gmail.com<\/td><td>Lunes 10:00-11:30<br>Viernes 10:30-12:00<\/td><td>Virtual<\/td><td><a href=\"https:\/\/us02web.zoom.us\/j\/89327386079\" target=\"_blank\" rel=\"noreferrer noopener\">https:\/\/us02web.zoom.us\/j\/89327386079<\/a><\/td><\/tr><tr><td>Mec\u00e1nica Cl\u00e1sica<\/td><td>Eduardo \u00c1lvarez<br>emamia@adinet.com.uy<\/td><td>Martes y Jueves<br>14:45-18:30<\/td><td>Virtual<\/td><td><a href=\"https:\/\/us02web.zoom.us\/j\/81373179343\" target=\"_blank\" rel=\"noreferrer noopener\">https:\/\/us02web.zoom.us\/j\/81373179343<\/a><\/td><\/tr><tr><td>F\u00edsica Experiental 1<br>F\u00edsica Experimental para Qu\u00edmica<\/td><td>Juan Rodr\u00edguez<br>jrodrigue@fing.edu.uy<\/td><td>Viernes<br>14:00-18:00<\/td><td>Presencial<br>Virtual<\/td><td><a href=\"https:\/\/us02web.zoom.us\/j\/84799890605?pwd=QU1FbmQ2VTNkZXh4YnlmZjd4NW9vdz09\" target=\"_blank\" rel=\"noreferrer noopener\">https:\/\/us02web.zoom.us\/j\/84799890605?pwd=QU1FbmQ2VTNkZXh4YnlmZjd4NW9vdz09<\/a><\/td><\/tr><tr><td>F\u00edsica de Edificios<\/td><td>Juan Rodr\u00edguez<br>jrodrigue@fing.edu.uy<\/td><td>Lunes y Mi\u00e9rcoles<br>13:30-16:00<\/td><td>Virtual<\/td><td><a href=\"https:\/\/us02web.zoom.us\/j\/83180958600?pwd=R0hyUVFaZHFGMFlONy9hK3FwcWNzZz09\" target=\"_blank\" rel=\"noreferrer noopener\">https:\/\/us02web.zoom.us\/j\/83180958600?pwd=R0hyUVFaZHFGMFlONy9hK3FwcWNzZz09<\/a><\/td><\/tr><\/tbody><\/table><\/figure>\n","protected":false},"excerpt":{"rendered":"<figure class=\"wp-block-table is-style-stripes\">\n<table class=\"has-subtle-pale-blue-background-color has-fixed-layout has-background\">\n<tbody>\n<tr>\n<td>Curso<\/td>\n<td>Responsable<\/td>\n<td>Horario<\/td>\n<td>Modalidad<\/td>\n<td>Link Zoom<\/td>\n<\/tr>\n<tr>\n<td>F\u00edsica Inicial<br \/>F\u00edsica 1A<\/td>\n<td>Gerardo Vitale<br \/>gvitalepdf@gmail.com<\/td>\n<td>Lunes 08:00-10:00<br \/>Mi\u00e9rcoles 16:00-19:00<br \/>Viernes 15:00-19:00<\/td>\n<td>Virtual<\/td>\n<td><a href=\"https:\/\/us02web.zoom.us\/j\/88589955068\" target=\"_blank\" rel=\"noreferrer noopener\">https:\/\/us02web.zoom.us\/j\/88589955068<\/a><\/td>\n<\/tr>\n<tr>\n<td>F\u00edsica 1<\/td>\n<td>Gerardo Vitale<br \/>gvitalepdf@gmail.com<\/td>\n<td>Lunes 10:00-11:30<br \/>Viernes 10:30-12:00<\/td>\n<td>Virtual<\/td>\n<td><a href=\"https:\/\/us02web.zoom.us\/j\/89327386079\" target=\"_blank\" rel=\"noreferrer noopener\">https:\/\/us02web.zoom.us\/j\/89327386079<\/a><\/td>\n<\/tr>\n<tr>\n<td>Mec\u00e1nica Cl\u00e1sica<\/td>\n<td>Eduardo \u00c1lvarez<br \/>emamia@adinet.com.uy<\/td>\n<td>Martes y Jueves<br \/>14:45-18:30<\/td>\n<td>Virtual<\/td>\n<td><a href=\"https:\/\/us02web.zoom.us\/j\/81373179343\" target=\"_blank\" rel=\"noreferrer noopener\">https:\/\/us02web.zoom.us\/j\/81373179343<\/a><\/td>\n<\/tr>\n<tr>\n<td>F\u00edsica Experiental 1<br \/>F\u00edsica Experimental para Qu\u00edmica<\/td>\n<td>Juan Rodr\u00edguez<br \/>jrodrigue@fing.edu.uy<\/td>\n<td>Viernes<br \/>14:00-18:00<\/td>\n<td>Presencial<br \/>Virtual<\/td>\n<td><a href=\"https:\/\/us02web.zoom.us\/j\/84799890605?pwd=QU1FbmQ2VTNkZXh4YnlmZjd4NW9vdz09\" target=\"_blank\" rel=\"noreferrer noopener\">https:\/\/us02web.zoom.us\/j\/84799890605?pwd=QU1FbmQ2VTNkZXh4YnlmZjd4NW9vdz09<\/a><\/td>\n<\/tr>\n<tr>\n<td>F\u00edsica de Edificios<\/td>\n<td>Juan Rodr\u00edguez<br \/>jrodrigue@fing.edu.uy<\/td>\n<td>Lunes y Mi\u00e9rcoles<br \/>13:30-16:00<\/td>\n<td>Virtual<\/td>\n<td><a href=\"https:\/\/us02web.zoom.us\/j\/83180958600?pwd=R0hyUVFaZHFGMFlONy9hK3FwcWNzZz09\" target=\"_blank\" rel=\"noreferrer noopener\">https:\/\/us02web.zoom.us\/j\/83180958600?pwd=R0hyUVFaZHFGMFlONy9hK3FwcWNzZz09<\/a><\/td>\n<\/tr>\n<\/tbody>\n<\/table>\n<\/figure>\n","protected":false},"author":10,"featured_media":0,"parent":0,"menu_order":0,"comment_status":"closed","ping_status":"open","template":"","meta":{"footnotes":""},"_links":{"self":[{"href":"http:\/\/les.edu.uy\/fisica\/wp-json\/wp\/v2\/pages\/500"}],"collection":[{"href":"http:\/\/les.edu.uy\/fisica\/wp-json\/wp\/v2\/pages"}],"about":[{"href":"http:\/\/les.edu.uy\/fisica\/wp-json\/wp\/v2\/types\/page"}],"author":[{"embeddable":true,"href":"http:\/\/les.edu.uy\/fisica\/wp-json\/wp\/v2\/users\/10"}],"replies":[{"embeddable":true,"href":"http:\/\/les.edu.uy\/fisica\/wp-json\/wp\/v2\/comments?post=500"}],"version-history":[{"count":3,"href":"http:\/\/les.edu.uy\/fisica\/wp-json\/wp\/v2\/pages\/500\/revisions"}],"predecessor-version":[{"id":503,"href":"http:\/\/les.edu.uy\/fisica\/wp-json\/wp\/v2\/pages\/500\/revisions\/503"}],"wp:attachment":[{"href":"http:\/\/les.edu.uy\/fisica\/wp-json\/wp\/v2\/media?parent=500"}],"curies":[{"name":"wp","href":"https:\/\/api.w.org\/{rel}","templated":true}]}}