{"id":72,"date":"2017-02-01T21:36:18","date_gmt":"2017-02-02T00:36:18","guid":{"rendered":"http:\/\/les.edu.uy\/fisica\/?page_id=72"},"modified":"2021-11-12T16:56:50","modified_gmt":"2021-11-12T19:56:50","slug":"ensenanza","status":"publish","type":"page","link":"http:\/\/les.edu.uy\/fisica\/ensenanza\/","title":{"rendered":"Ense\u00f1anza"},"content":{"rendered":"\n<div class=\"wp-block-image\"><figure class=\"alignright size-large is-resized\"><img loading=\"lazy\" decoding=\"async\" src=\"http:\/\/les.edu.uy\/fisica\/wp-content\/uploads\/2020\/04\/DFL_logo-1.png\" alt=\"\" class=\"wp-image-400\" width=\"298\" height=\"301\"\/><\/figure><\/div>\n\n\n\n<p>Dictamos en Salto los cursos de f\u00edsica a nivel introductorio e intermedio correspondientes a las carreras del \u00e1rea Cient\u00edfico-Tecnol\u00f3gica y H\u00e1bitat de la Universidad de la Rep\u00fablica. La mayor\u00eda de nuestros cursos de grado cuentan con rev\u00e1lida autom\u00e1tica en la Facultad de Ingenier\u00eda y otras facultades del \u00e1rea. <\/p>\n\n\n\n\n\n\n<h4>Nivel introductorio&nbsp; (para Ciencias e Ingenier\u00eda)<\/h4>\n<ul>\n<li><a href=\"http:\/\/eva.unorte.edu.uy\/course\/view.php?id=442\">F\u00edsica 1<\/a> (10 cr\u00e9ditos, primer semestre) - modular (<a href=\"http:\/\/les.edu.uy\/fisica\/doc\/Programa\/prog_F1A_DFL_v01.pdf\">1A<\/a>+<a href=\"http:\/\/les.edu.uy\/fisica\/doc\/Programa\/prog_F1B_DFL_v01.pdf\">1B<\/a>)<\/li>\n<li><a href=\"http:\/\/eva.unorte.edu.uy\/course\/view.php?id=186\">F\u00edsica 2<\/a> (10 cr\u00e9ditos, segundo semestre) - modular (<a href=\"http:\/\/les.edu.uy\/fisica\/doc\/Programa\/prog_F2A_DFL_v02.pdf\">F2A<\/a>+<a href=\"http:\/\/les.edu.uy\/fisica\/doc\/Programa\/prog_F2B_DFL_v02.pdf\">F2B<\/a>)<\/li>\n<li><a href=\"http:\/\/eva.unorte.edu.uy\/course\/view.php?id=343\">F\u00edsica 3<\/a> (10 cr\u00e9ditos, segundo semestre) - modular (3A+3B)<\/li>\n<\/ul>\n<p><img loading=\"lazy\" decoding=\"async\" class=\"wp-image-108\" src=\"http:\/\/les.edu.uy\/fisica\/wp-content\/uploads\/2017\/02\/foto2-300x111.jpg\" width=\"462\" height=\"171\" srcset=\"http:\/\/les.edu.uy\/fisica\/wp-content\/uploads\/2017\/02\/foto2-300x111.jpg 300w, http:\/\/les.edu.uy\/fisica\/wp-content\/uploads\/2017\/02\/foto2-768x285.jpg 768w, http:\/\/les.edu.uy\/fisica\/wp-content\/uploads\/2017\/02\/foto2.jpg 801w\" sizes=\"(max-width: 462px) 100vw, 462px\" \/><\/p>\n\n\n<div class=\"wp-block-group is-layout-flow wp-block-group-is-layout-flow\"><div class=\"wp-block-group__inner-container\">\n<div class=\"wp-block-group is-layout-flow wp-block-group-is-layout-flow\"><div class=\"wp-block-group__inner-container\">\n<h4 class=\"wp-block-heading\">Nivel intermedio (para Ciencias e Ingenier\u00eda)<\/h4>\n\n\n\n<ul><li><a href=\"http:\/\/eva.unorte.edu.uy\/course\/view.php?id=440\">F\u00edsica Experimental 1<\/a> (5 cr\u00e9ditos, frecuencia anual, primer semestre)<\/li><li><a href=\"http:\/\/eva.unorte.edu.uy\/course\/view.php?id=441\">F\u00edsica Experimental 2<\/a> (5 cr\u00e9ditos, frecuencia anual, segundo semestre)<\/li><li><a href=\"http:\/\/eva.unorte.edu.uy\/course\/view.php?id=381\">Mec\u00e1nica Cl\u00e1sica<\/a> (10 cr\u00e9ditos, frecuencia anual, primer semestre)<\/li><li><a href=\"http:\/\/eva.unorte.edu.uy\/course\/view.php?id=382\">F\u00edsica T\u00e9rmica<\/a> (10 cr\u00e9ditos, segundo semestre) - solo a demanda (&gt; 5)<\/li><li><a href=\"http:\/\/eva.unorte.edu.uy\/course\/view.php?id=488\">Electromagnetismo<\/a> (10 cr\u00e9ditos, segundo semestre) - solo a demanda (&gt; 5)<\/li><\/ul>\n<\/div><\/div>\n\n\n\n<div class=\"wp-block-group is-layout-flow wp-block-group-is-layout-flow\"><div class=\"wp-block-group__inner-container\">\n<div class=\"wp-block-group is-layout-flow wp-block-group-is-layout-flow\"><div class=\"wp-block-group__inner-container\">\n<h4 class=\"wp-block-heading\">Nivel inicial e intermedio (para Arquitectura)<\/h4>\n\n\n\n<ul><li><a rel=\"noreferrer noopener\" href=\"http:\/\/les.edu.uy\/fisica\/doc\/Programa\/prog_F1A_DFL_v01.pdf\" target=\"_blank\">F\u00edsica 1A<\/a>, LDI, 4 cr\u00e9ditos, obligatoria, semestre impar.<\/li><li><a rel=\"noreferrer noopener\" href=\"http:\/\/les.edu.uy\/fisica\/doc\/Programa\/prog_F1B_DFL_v01.pdf\" target=\"_blank\">F\u00edsica 1B<\/a>, LDI, 6 cr\u00e9ditos, opcional, semestre impar.<\/li><li><a rel=\"noreferrer noopener\" href=\"http:\/\/les.edu.uy\/fisica\/doc\/Programa\/prog_F2A_DFL_v02.pdf\" target=\"_blank\">F\u00edsica 2A<\/a>, LDI, 4 cr\u00e9ditos, obligatoria, semestre par. <\/li><li><a rel=\"noreferrer noopener\" href=\"http:\/\/les.edu.uy\/fisica\/doc\/Programa\/prog_F2B_DFL_v02.pdf\" target=\"_blank\">F\u00edsica 2B<\/a>, LDI, 6 cr\u00e9ditos, opcional, semestre par.<\/li><li>F\u00edsica de Edificios, LDI, 9 cr\u00e9ditos, obligatoria, semestre impar<\/li><li>Simulaci\u00f3n energ\u00e9tica de edificios, LDI, 10 cr\u00e9ditos, opcional, semestre impar<\/li><li><a rel=\"noreferrer noopener\" href=\"http:\/\/les.edu.uy\/fisica\/doc\/Programa\/programa_CES_CENUR_udelar.pdf\" target=\"_blank\" data-type=\"URL\">Conversi\u00f3n de energ\u00eda solar<\/a>, 6 cr\u00e9ditos, opcional, semestre par, frecuencia bi-anual<\/li><li><a rel=\"noreferrer noopener\" href=\"http:\/\/les.edu.uy\/fisica\/doc\/Programa\/FisExp_Arq_FINAL.pdf\" target=\"_blank\">Introducci\u00f3n a la f\u00edsica experimental<\/a>, 6 cr\u00e9ditos, opcional, semestre par, frecuencia bianual<\/li><\/ul>\n<\/div><\/div>\n<\/div><\/div>\n<\/div><\/div>\n\n\n\n<div class=\"wp-block-group is-layout-flow wp-block-group-is-layout-flow\"><div class=\"wp-block-group__inner-container\">\n<div class=\"wp-block-group is-layout-flow wp-block-group-is-layout-flow\"><div class=\"wp-block-group__inner-container\">\n<h4 class=\"wp-block-heading\">Nivel posgrado (Ingenier\u00eda)<\/h4>\n\n\n\n<ul><li><a href=\"https:\/\/eva.fing.edu.uy\/course\/view.php?id=35\">Fundamentos de Energ\u00eda Solar<\/a> (8 cr\u00e9ditos, posgrados en ingenier\u00eda, frecuencia bi-anual): pr\u00f3xima edici\u00f3n en 2022.<\/li><\/ul>\n<\/div><\/div>\n<\/div><\/div>\n\n\n\n<div class=\"wp-block-group is-layout-flow wp-block-group-is-layout-flow\"><div class=\"wp-block-group__inner-container\">\n<h4 class=\"wp-block-heading\"><strong>Carreras y ciclos locales que utilizan estos cursos: <\/strong><\/h4>\n\n\n\n<ul><li><a rel=\"noreferrer noopener\" href=\"https:\/\/eva.unorte.edu.uy\/course\/view.php?id=568\" target=\"_blank\">Ciclo Inicial Optativo Cient\u00edfico-Tecnol\u00f3gico<\/a> (<a rel=\"noreferrer noopener\" href=\"https:\/\/www.litoralnorte.udelar.edu.uy\/index.php\/es-es\/ensenanza\/oferta-academica\/item\/363-cioct\" target=\"_blank\">CIO-CT<\/a>) - CENUR LN<\/li><li><a rel=\"noreferrer noopener\" href=\"https:\/\/www.litoralnorte.udelar.edu.uy\/index.php\/es-es\/ensenanza\/oferta-academica\/item\/373-licenciatura-en-recursos-hidricos-y-riego\" target=\"_blank\">Licenciatura en Recursos H\u00eddricos (LRH)<\/a> - Facultad de Ingenier\u00eda<\/li><li><a rel=\"noreferrer noopener\" href=\"https:\/\/www.litoralnorte.udelar.edu.uy\/index.php\/es-es\/ensenanza\/oferta-academica\/item\/372-diseno-integrado\" target=\"_blank\">Licenciatura en Dise\u00f1o Integrado (LDI)<\/a> - Facultad de Arquitectura<\/li><li><a href=\"http:\/\/www.unorte.edu.uy\/fing\/ingenieria_biologica\" target=\"_blank\" rel=\"noreferrer noopener\">Licenciatura en Ingenier\u00eda Biol\u00f3gica<\/a> - Facultad de Ingenier\u00eda<\/li><li><a rel=\"noreferrer noopener\" href=\"https:\/\/www.litoralnorte.udelar.edu.uy\/index.php\/es-es\/ensenanza\/oferta-academica\/item\/326-quimico-agricola-y-medio-ambiente\" target=\"_blank\">Qu\u00edmico Agr\u00edcola<\/a> - Facultad de Qu\u00edmica<\/li><li><a href=\"https:\/\/eva.unorte.edu.uy\/course\/view.php?id=568\" target=\"_blank\" rel=\"noreferrer noopener\">Ciclo inicial de Matem\u00e1ticas<\/a> (<a href=\"https:\/\/www.litoralnorte.udelar.edu.uy\/index.php\/es-es\/ensenanza\/oferta-academica\/item\/457-ciclo-inicial-en-matematica\" target=\"_blank\" rel=\"noreferrer noopener\">CIM<\/a>) -  Facultad de Ingenier\u00eda<\/li><\/ul>\n<\/div><\/div>\n\n\n\n<div class=\"wp-block-group is-layout-flow wp-block-group-is-layout-flow\"><div class=\"wp-block-group__inner-container\">\n<h4 class=\"wp-block-heading\"><strong>Algunas carreras en Montevideo que utilizan estos cursos: <\/strong><\/h4>\n\n\n\n<ul><li><a href=\"https:\/\/www.fing.edu.uy\/\" target=\"_blank\" rel=\"noreferrer noopener\">Ciclo inicial de Ingenier\u00eda, Facultad de Ingenier\u00eda<\/a><\/li><li><a href=\"https:\/\/www.fing.edu.uy\/\" target=\"_blank\" rel=\"noreferrer noopener\">Licenciatura en F\u00edsica, Facultad de Ciencias<\/a><\/li><li><a href=\"https:\/\/www.fing.edu.uy\/ensenanza\/posgrado\" target=\"_blank\" rel=\"noreferrer noopener\">Posgrados en Ingenier\u00eda<\/a> de la Energ\u00eda, Ingenier\u00eda El\u00e9ctrica, Ingenier\u00eda Mec\u00e1nica e Ingenier\u00eda F\u00edsica. <\/li><\/ul>\n<\/div><\/div>\n\n\n\n<pre class=\"wp-block-verse\"><strong>Horarios<\/strong>\nPrimer semestre 2021 en <a href=\"http:\/\/les.edu.uy\/fisica\/clases-y-horarios\/\">http:\/\/les.edu.uy\/fisica\/clases-y-horarios\/<\/a><\/pre>\n\n\n\n\n","protected":false},"excerpt":{"rendered":"<p>Dictamos en Salto los cursos de f\u00edsica a nivel introductorio e intermedio correspondientes a las carreras del \u00e1rea Cient\u00edfico-Tecnol\u00f3gica y H\u00e1bitat de la Universidad de la Rep\u00fablica. La mayor\u00eda de nuestros cursos de grado cuentan con rev\u00e1lida autom\u00e1tica en la Facultad de Ingenier\u00eda y otras facultades del \u00e1rea. <\/p>\n<p>Nivel introductorio&nbsp; (para Ciencias e Ingenier\u00eda)<\/p>\n<p>F\u00edsica 1 (10 cr\u00e9ditos, primer semestre) &#8211; modular (1A+1B)<br \/>\nF\u00edsica 2 (10 cr\u00e9ditos, segundo semestre) &#8211; modular (F2A+F2B)<br \/>\nF\u00edsica 3 (10 cr\u00e9ditos, segundo semestre) &#8211; modular (3A+3B)<\/p>\n<p>Nivel intermedio (para Ciencias e Ingenier\u00eda)<\/p>\n<p>F\u00edsica Experimental 1 (5 cr\u00e9ditos, frecuencia anual, primer<\/p>\n","protected":false},"author":2,"featured_media":23,"parent":0,"menu_order":0,"comment_status":"closed","ping_status":"open","template":"","meta":{"footnotes":""},"_links":{"self":[{"href":"http:\/\/les.edu.uy\/fisica\/wp-json\/wp\/v2\/pages\/72"}],"collection":[{"href":"http:\/\/les.edu.uy\/fisica\/wp-json\/wp\/v2\/pages"}],"about":[{"href":"http:\/\/les.edu.uy\/fisica\/wp-json\/wp\/v2\/types\/page"}],"author":[{"embeddable":true,"href":"http:\/\/les.edu.uy\/fisica\/wp-json\/wp\/v2\/users\/2"}],"replies":[{"embeddable":true,"href":"http:\/\/les.edu.uy\/fisica\/wp-json\/wp\/v2\/comments?post=72"}],"version-history":[{"count":25,"href":"http:\/\/les.edu.uy\/fisica\/wp-json\/wp\/v2\/pages\/72\/revisions"}],"predecessor-version":[{"id":514,"href":"http:\/\/les.edu.uy\/fisica\/wp-json\/wp\/v2\/pages\/72\/revisions\/514"}],"wp:featuredmedia":[{"embeddable":true,"href":"http:\/\/les.edu.uy\/fisica\/wp-json\/wp\/v2\/media\/23"}],"wp:attachment":[{"href":"http:\/\/les.edu.uy\/fisica\/wp-json\/wp\/v2\/media?parent=72"}],"curies":[{"name":"wp","href":"https:\/\/api.w.org\/{rel}","templated":true}]}}