{"id":76,"date":"2017-02-01T21:51:08","date_gmt":"2017-02-02T00:51:08","guid":{"rendered":"http:\/\/les.edu.uy\/fisica\/?page_id=76"},"modified":"2020-02-11T14:29:44","modified_gmt":"2020-02-11T17:29:44","slug":"investigacion","status":"publish","type":"page","link":"http:\/\/les.edu.uy\/fisica\/investigacion\/","title":{"rendered":"Investigaci\u00f3n"},"content":{"rendered":"<h4>Trabajamos en tres l\u00edneas de investigaci\u00f3n en f\u00edsica aplicada<\/h4>\n<p><strong>Energ\u00eda Solar<br \/>\n<\/strong><strong>Responsable: Prof. Gonzalo Abal,<\/strong> Director del <a href=\"http:\/\/les.edu.uy\">Laboratorio de Energ\u00eda Solar<\/a><\/p>\n<ul>\n<li>Modelado y medida del recurso solar en el Uruguay (G. Abal, R. Alonso Su\u00e1rez)<\/li>\n<li>Prototipos y aplicaciones de energ\u00eda solar t\u00e9rmica (I. Bove; J. Rodr\u00edguez, G. Vitale)<\/li>\n<li>Modelado y nowcasting de radiaci\u00f3n solar por sat\u00e9lite (R. Alonso Su\u00e1rez)<br \/>\n<div class=\"custom-table \">\n<table width=\"100%\">\n<tbody>\n<tr>\n<td>\n<div id=\"attachment_126\" style=\"width: 121px\" class=\"wp-caption alignnone\"><img loading=\"lazy\" decoding=\"async\" aria-describedby=\"caption-attachment-126\" class=\"wp-image-126\" src=\"http:\/\/les.edu.uy\/fisica\/wp-content\/uploads\/2017\/02\/SOLYS2-223x300.png\" width=\"111\" height=\"149\" srcset=\"http:\/\/les.edu.uy\/fisica\/wp-content\/uploads\/2017\/02\/SOLYS2-223x300.png 223w, http:\/\/les.edu.uy\/fisica\/wp-content\/uploads\/2017\/02\/SOLYS2.png 603w\" sizes=\"(max-width: 111px) 100vw, 111px\" \/><p id=\"caption-attachment-126\" class=\"wp-caption-text\">Medida de radiaci\u00f3n directa en el LES.<\/p><\/div><\/td>\n<td>\n<div id=\"attachment_92\" style=\"width: 365px\" class=\"wp-caption aligncenter\"><img loading=\"lazy\" decoding=\"async\" aria-describedby=\"caption-attachment-92\" class=\"wp-image-92\" src=\"http:\/\/les.edu.uy\/fisica\/wp-content\/uploads\/2017\/02\/LES-300x93.png\" width=\"355\" height=\"110\" srcset=\"http:\/\/les.edu.uy\/fisica\/wp-content\/uploads\/2017\/02\/LES-300x93.png 300w, http:\/\/les.edu.uy\/fisica\/wp-content\/uploads\/2017\/02\/LES-768x239.png 768w, http:\/\/les.edu.uy\/fisica\/wp-content\/uploads\/2017\/02\/LES.png 933w\" sizes=\"(max-width: 355px) 100vw, 355px\" \/><p id=\"caption-attachment-92\" class=\"wp-caption-text\">Calibraci\u00f3n de piran\u00f3metros en el banco del LES.<\/p><\/div><\/td>\n<td>\n<div id=\"attachment_93\" style=\"width: 160px\" class=\"wp-caption alignnone\"><a href=\"http:\/\/les.edu.uy\"><img loading=\"lazy\" decoding=\"async\" aria-describedby=\"caption-attachment-93\" class=\"wp-image-93 size-thumbnail\" src=\"http:\/\/les.edu.uy\/fisica\/wp-content\/uploads\/2017\/02\/SPN1-150x150.png\" alt=\"Estaci\u00f3n aut\u00f3noma de medida de radiaci\u00f3n en Artigas.\" width=\"150\" height=\"150\" srcset=\"http:\/\/les.edu.uy\/fisica\/wp-content\/uploads\/2017\/02\/SPN1-150x150.png 150w, http:\/\/les.edu.uy\/fisica\/wp-content\/uploads\/2017\/02\/SPN1-300x300.png 300w, http:\/\/les.edu.uy\/fisica\/wp-content\/uploads\/2017\/02\/SPN1-160x160.png 160w, http:\/\/les.edu.uy\/fisica\/wp-content\/uploads\/2017\/02\/SPN1.png 670w\" sizes=\"(max-width: 150px) 100vw, 150px\" \/><\/a><p id=\"caption-attachment-93\" class=\"wp-caption-text\">Estaci\u00f3n aut\u00f3noma de medida de radiaci\u00f3n en Artigas.<\/p><\/div><\/td>\n<\/tr>\n<\/tbody>\n<\/table>\n<\/div>\n<p>por m\u00e1s informaci\u00f3n, consultar la <a href=\"http:\/\/les.edu.uy\">p\u00e1gina del laboratorio<\/a>.<\/p>\n<hr \/>\n<div class=\"mceTemp\"><\/div>\n<p><strong>Ense\u00f1anza de la f\u00edsica, con \u00e9nfasis en el uso de nuevas tecnolog\u00edas en el sal\u00f3n de clase<\/strong><img loading=\"lazy\" decoding=\"async\" class=\"wp-image-23 alignright\" src=\"http:\/\/les.edu.uy\/fisica\/wp-content\/uploads\/2017\/02\/botella_colores.jpeg\" alt=\"\" width=\"346\" height=\"215\" \/><br \/>\n<strong>Responsable: Prof. Jos\u00e9 Luis Di Laccio;<\/strong><br \/>\ncolaboradores: Gerardo Vitale, Marcelo Zorrilla, Sof\u00eda Narbondo, Rodrigo Alonso Su\u00e1rez<\/li>\n<li>Uso de smartpohones en el sal\u00f3n de clase<\/li>\n<li>Uso creativo de clickeras para estimular el aprendizaje colaborativo por pares<\/li>\n<li>Otras...<br \/>\n<hr \/>\n<\/li>\n<\/ul>\n","protected":false},"excerpt":{"rendered":"<p>Trabajamos en tres l\u00edneas de investigaci\u00f3n en f\u00edsica aplicada<\/p>\n<p>Energ\u00eda Solar<br \/>\nResponsable: Prof. Gonzalo Abal, Director del Laboratorio de Energ\u00eda Solar<\/p>\n<p>Modelado y medida del recurso solar en el Uruguay (G. Abal, R. Alonso Su\u00e1rez)<br \/>\nPrototipos y aplicaciones de energ\u00eda solar t\u00e9rmica (I. Bove; J. Rodr\u00edguez, G. Vitale)<br \/>\nModelado y nowcasting de radiaci\u00f3n solar por sat\u00e9lite (R. Alonso Su\u00e1rez)<\/p>\n<p id=\"caption-attachment-126\" class=\"wp-caption-text\">Medida de radiaci\u00f3n directa en el LES.<\/p>\n<p id=\"caption-attachment-92\" class=\"wp-caption-text\">Calibraci\u00f3n de piran\u00f3metros en el banco del LES.<\/p>\n<p id=\"caption-attachment-93\" class=\"wp-caption-text\">Estaci\u00f3n aut\u00f3noma de medida de radiaci\u00f3n en Artigas.<\/p>\n<p>por m\u00e1s informaci\u00f3n, consultar la p\u00e1gina del laboratorio.<\/p>\n<p>Ense\u00f1anza de la f\u00edsica,<\/p>\n","protected":false},"author":2,"featured_media":24,"parent":0,"menu_order":0,"comment_status":"closed","ping_status":"closed","template":"","meta":{"footnotes":""},"_links":{"self":[{"href":"http:\/\/les.edu.uy\/fisica\/wp-json\/wp\/v2\/pages\/76"}],"collection":[{"href":"http:\/\/les.edu.uy\/fisica\/wp-json\/wp\/v2\/pages"}],"about":[{"href":"http:\/\/les.edu.uy\/fisica\/wp-json\/wp\/v2\/types\/page"}],"author":[{"embeddable":true,"href":"http:\/\/les.edu.uy\/fisica\/wp-json\/wp\/v2\/users\/2"}],"replies":[{"embeddable":true,"href":"http:\/\/les.edu.uy\/fisica\/wp-json\/wp\/v2\/comments?post=76"}],"version-history":[{"count":25,"href":"http:\/\/les.edu.uy\/fisica\/wp-json\/wp\/v2\/pages\/76\/revisions"}],"predecessor-version":[{"id":160,"href":"http:\/\/les.edu.uy\/fisica\/wp-json\/wp\/v2\/pages\/76\/revisions\/160"}],"wp:featuredmedia":[{"embeddable":true,"href":"http:\/\/les.edu.uy\/fisica\/wp-json\/wp\/v2\/media\/24"}],"wp:attachment":[{"href":"http:\/\/les.edu.uy\/fisica\/wp-json\/wp\/v2\/media?parent=76"}],"curies":[{"name":"wp","href":"https:\/\/api.w.org\/{rel}","templated":true}]}}